{"id":1696,"date":"2022-11-28T12:24:10","date_gmt":"2022-11-28T11:24:10","guid":{"rendered":"https:\/\/rapidfreight.es\/?page_id=1696"},"modified":"2023-10-09T11:35:33","modified_gmt":"2023-10-09T09:35:33","slug":"servicio-de-embalaje","status":"publish","type":"page","link":"https:\/\/rapidfreight.es\/es\/servicio-de-embalaje\/","title":{"rendered":"Servicio de embalaje"},"content":{"rendered":"\t\t<div data-elementor-type=\"wp-post\" data-elementor-id=\"1696\" class=\"elementor elementor-1696 elementor-1695\" data-elementor-post-type=\"page\">\n\t\t\t\t\t\t<section class=\"elementor-section elementor-top-section elementor-element elementor-element-05c60e8 elementor-section-boxed elementor-section-height-default elementor-section-height-default\" data-id=\"05c60e8\" data-element_type=\"section\" data-e-type=\"section\" data-settings=\"{&quot;background_background&quot;:&quot;classic&quot;,&quot;background_motion_fx_motion_fx_scrolling&quot;:&quot;yes&quot;,&quot;background_motion_fx_translateY_effect&quot;:&quot;yes&quot;,&quot;background_motion_fx_translateY_speed&quot;:{&quot;unit&quot;:&quot;px&quot;,&quot;size&quot;:4,&quot;sizes&quot;:[]},&quot;background_motion_fx_translateY_affectedRange&quot;:{&quot;unit&quot;:&quot;%&quot;,&quot;size&quot;:&quot;&quot;,&quot;sizes&quot;:{&quot;start&quot;:0,&quot;end&quot;:100}},&quot;background_motion_fx_devices&quot;:[&quot;desktop&quot;,&quot;tablet&quot;,&quot;mobile&quot;]}\">\n\t\t\t\t\t\t\t<div class=\"elementor-background-overlay\"><\/div>\n\t\t\t\t\t\t\t<div class=\"elementor-container elementor-column-gap-default\">\n\t\t\t\t\t<div class=\"elementor-column elementor-col-100 elementor-top-column elementor-element elementor-element-30b327a\" data-id=\"30b327a\" data-element_type=\"column\" data-e-type=\"column\">\n\t\t\t<div class=\"elementor-widget-wrap elementor-element-populated\">\n\t\t\t\t\t\t<section class=\"elementor-section elementor-inner-section elementor-element elementor-element-89b5d37 elementor-section-boxed elementor-section-height-default elementor-section-height-default elementor-invisible\" data-id=\"89b5d37\" data-element_type=\"section\" data-e-type=\"section\" data-settings=\"{&quot;animation&quot;:&quot;fadeIn&quot;}\">\n\t\t\t\t\t\t<div class=\"elementor-container elementor-column-gap-default\">\n\t\t\t\t\t<div class=\"elementor-column elementor-col-100 elementor-inner-column elementor-element elementor-element-4ef40be\" data-id=\"4ef40be\" data-element_type=\"column\" data-e-type=\"column\">\n\t\t\t<div class=\"elementor-widget-wrap elementor-element-populated\">\n\t\t\t\t\t\t<div class=\"elementor-element elementor-element-f32e306 elementor-widget elementor-widget-heading\" data-id=\"f32e306\" data-element_type=\"widget\" data-e-type=\"widget\" data-widget_type=\"heading.default\">\n\t\t\t\t<div class=\"elementor-widget-container\">\n\t\t\t\t\t<h1 class=\"elementor-heading-title elementor-size-default\">Servicio de embalaje<\/h1>\t\t\t\t<\/div>\n\t\t\t\t<\/div>\n\t\t\t\t\t<\/div>\n\t\t<\/div>\n\t\t\t\t\t<\/div>\n\t\t<\/section>\n\t\t\t\t<section class=\"elementor-section elementor-inner-section elementor-element elementor-element-a5669e3 elementor-hidden-tablet elementor-hidden-mobile elementor-section-boxed elementor-section-height-default elementor-section-height-default\" data-id=\"a5669e3\" data-element_type=\"section\" data-e-type=\"section\" data-settings=\"{&quot;animation&quot;:&quot;none&quot;}\">\n\t\t\t\t\t\t<div class=\"elementor-container elementor-column-gap-default\">\n\t\t\t\t\t<div class=\"elementor-column elementor-col-50 elementor-inner-column elementor-element elementor-element-9d8cb39\" data-id=\"9d8cb39\" data-element_type=\"column\" data-e-type=\"column\">\n\t\t\t<div class=\"elementor-widget-wrap\">\n\t\t\t\t\t\t\t<\/div>\n\t\t<\/div>\n\t\t\t\t<div class=\"elementor-column elementor-col-50 elementor-inner-column elementor-element elementor-element-b8d9970 elementor-hidden-phone\" data-id=\"b8d9970\" data-element_type=\"column\" data-e-type=\"column\" data-settings=\"{&quot;background_background&quot;:&quot;classic&quot;}\">\n\t\t\t<div class=\"elementor-widget-wrap elementor-element-populated\">\n\t\t\t\t\t\t<div class=\"elementor-element elementor-element-2f57901 elementor-widget elementor-widget-heading\" data-id=\"2f57901\" data-element_type=\"widget\" data-e-type=\"widget\" data-widget_type=\"heading.default\">\n\t\t\t\t<div class=\"elementor-widget-container\">\n\t\t\t\t\t<h5 class=\"elementor-heading-title elementor-size-default\">LL\u00c1MAME<\/h5>\t\t\t\t<\/div>\n\t\t\t\t<\/div>\n\t\t\t\t\t<\/div>\n\t\t<\/div>\n\t\t\t\t\t<\/div>\n\t\t<\/section>\n\t\t\t\t\t<\/div>\n\t\t<\/div>\n\t\t\t\t\t<\/div>\n\t\t<\/section>\n\t\t\t\t<section class=\"elementor-section elementor-top-section elementor-element elementor-element-2480753 elementor-section-boxed elementor-section-height-default elementor-section-height-default\" data-id=\"2480753\" data-element_type=\"section\" data-e-type=\"section\">\n\t\t\t\t\t\t<div class=\"elementor-container elementor-column-gap-default\">\n\t\t\t\t\t<div class=\"elementor-column elementor-col-66 elementor-top-column elementor-element elementor-element-7954ef9 elementor-invisible\" data-id=\"7954ef9\" data-element_type=\"column\" data-e-type=\"column\" data-settings=\"{&quot;animation&quot;:&quot;fadeIn&quot;}\">\n\t\t\t<div class=\"elementor-widget-wrap elementor-element-populated\">\n\t\t\t\t\t\t<div class=\"elementor-element elementor-element-ac8a05e elementor-widget elementor-widget-text-editor\" data-id=\"ac8a05e\" data-element_type=\"widget\" data-e-type=\"widget\" data-widget_type=\"text-editor.default\">\n\t\t\t\t<div class=\"elementor-widget-container\">\n\t\t\t\t\t\t\t\t\t<p>Ofrecemos uno servicio de embalaje completo o parcial, protegeremos tu art\u00edculos para que lleguen a su destino.<\/p>\n<p>Los clientes generalmente prefieren hacer su propio embalaje y envoltorio para los art\u00edculos personales, sin embargo, brindamos este servicio si es necesario.\u00a0 Tambi\u00e9n ofrecemos toda la informaci\u00f3n que necesite para un mudanza y empaque lo m\u00e1s f\u00e1ciles.\u00a0 Si no est\u00e1 seguro de c\u00f3mo empacar art\u00edculos de alto valor o fr\u00e1giles, estamos aqu\u00ed para dar consejos en cualquier momento del d\u00eda para que lo hagamos bien a la primera y siempre.<\/p>\n<p>Recomendamos de usar nuestras cajas de mudanzas profesionales, son m\u00e1s fuertes y puede soportar el peso de los art\u00edculos y asegurar que no se rompan.<\/p>\n<p>Podemos proporcionar los materiales de embalaje necesarios y cajas de madera a medida tambi\u00e9n para los art\u00edculos preciosos como pinturas o art\u00edculos caros y fr\u00e1giles. Tambi\u00e9n tenemos cajas armario para colgar la ropa.<\/p>\n\t\t\t\t\t\t\t\t<\/div>\n\t\t\t\t<\/div>\n\t\t\t\t<div class=\"elementor-element elementor-element-74d850b elementor-widget elementor-widget-text-editor\" data-id=\"74d850b\" data-element_type=\"widget\" data-e-type=\"widget\" data-widget_type=\"text-editor.default\">\n\t\t\t\t<div class=\"elementor-widget-container\">\n\t\t\t\t\t\t\t\t\t<p>Para consultas: <a href=\"tel:+34960700873\">+34 960 700 873<\/a>.<br \/>\nO contact\u00e9nos a <a href=\"mailto:info@rapidfreight.es\">info@rapidfreight.es<\/a><\/p>\n\t\t\t\t\t\t\t\t<\/div>\n\t\t\t\t<\/div>\n\t\t\t\t\t<\/div>\n\t\t<\/div>\n\t\t\t\t<div class=\"elementor-column elementor-col-33 elementor-top-column elementor-element elementor-element-d3c5560\" data-id=\"d3c5560\" data-element_type=\"column\" data-e-type=\"column\" data-settings=\"{&quot;background_background&quot;:&quot;classic&quot;,&quot;animation&quot;:&quot;none&quot;}\">\n\t\t\t<div class=\"elementor-widget-wrap elementor-element-populated\">\n\t\t\t\t\t\t<div class=\"elementor-element elementor-element-b6fc5d9 elementor-widget elementor-widget-shortcode\" data-id=\"b6fc5d9\" data-element_type=\"widget\" data-e-type=\"widget\" data-widget_type=\"shortcode.default\">\n\t\t\t\t<div class=\"elementor-widget-container\">\n\t\t\t\t\t\t\t<div class=\"elementor-shortcode\">\t\t<div data-elementor-type=\"section\" data-elementor-id=\"1825\" class=\"elementor elementor-1825 elementor-1493 elementor-1493\" data-elementor-post-type=\"elementor_library\">\n\t\t\t\t\t<section class=\"elementor-section elementor-top-section elementor-element elementor-element-a88b1e2 elementor-section-boxed elementor-section-height-default elementor-section-height-default\" data-id=\"a88b1e2\" data-element_type=\"section\" data-e-type=\"section\">\n\t\t\t\t\t\t<div class=\"elementor-container elementor-column-gap-no\">\n\t\t\t\t\t<div class=\"elementor-column elementor-col-100 elementor-top-column elementor-element elementor-element-eec2ace\" data-id=\"eec2ace\" data-element_type=\"column\" data-e-type=\"column\">\n\t\t\t<div class=\"elementor-widget-wrap elementor-element-populated\">\n\t\t\t\t\t\t<div class=\"elementor-element elementor-element-be1f79b elementor-button-align-stretch elementor-widget elementor-widget-form\" data-id=\"be1f79b\" data-element_type=\"widget\" data-e-type=\"widget\" data-settings=\"{&quot;step_next_label&quot;:&quot;Next&quot;,&quot;step_previous_label&quot;:&quot;Previous&quot;,&quot;step_type&quot;:&quot;none&quot;,&quot;step_icon_shape&quot;:&quot;none&quot;,&quot;button_width&quot;:&quot;100&quot;}\" data-widget_type=\"form.default\">\n\t\t\t\t<div class=\"elementor-widget-container\">\n\t\t\t\t\t\t\t<form class=\"elementor-form\" method=\"post\" name=\"Call back\" aria-label=\"Call back\">\n\t\t\t<input type=\"hidden\" name=\"post_id\" value=\"1825\"\/>\n\t\t\t<input type=\"hidden\" name=\"form_id\" value=\"be1f79b\"\/>\n\t\t\t<input type=\"hidden\" name=\"referer_title\" value=\"Carga paletizada - Rapid Freight\" \/>\n\n\t\t\t\t\t\t\t<input type=\"hidden\" name=\"queried_id\" value=\"687\"\/>\n\t\t\t\n\t\t\t<div class=\"elementor-form-fields-wrapper elementor-labels-above\">\n\t\t\t\t\t\t\t\t<div class=\"elementor-field-type-text elementor-field-group elementor-column elementor-field-group-name elementor-col-100 elementor-field-required elementor-mark-required\">\n\t\t\t\t\t\t\t\t\t\t\t\t<label for=\"form-field-name\" class=\"elementor-field-label\">\n\t\t\t\t\t\t\t\tNombre\t\t\t\t\t\t\t<\/label>\n\t\t\t\t\t\t\t\t\t\t\t\t\t\t<input size=\"1\" type=\"text\" name=\"form_fields[name]\" id=\"form-field-name\" class=\"elementor-field elementor-size-sm  elementor-field-textual\" required=\"required\">\n\t\t\t\t\t\t\t\t\t\t\t<\/div>\n\t\t\t\t\t\t\t\t<div class=\"elementor-field-type-email elementor-field-group elementor-column elementor-field-group-email elementor-col-100 elementor-field-required elementor-mark-required\">\n\t\t\t\t\t\t\t\t\t\t\t\t<label for=\"form-field-email\" class=\"elementor-field-label\">\n\t\t\t\t\t\t\t\tCorreo electr\u00f3nico\t\t\t\t\t\t\t<\/label>\n\t\t\t\t\t\t\t\t\t\t\t\t\t\t<input size=\"1\" type=\"email\" name=\"form_fields[email]\" id=\"form-field-email\" class=\"elementor-field elementor-size-sm  elementor-field-textual\" required=\"required\">\n\t\t\t\t\t\t\t\t\t\t\t<\/div>\n\t\t\t\t\t\t\t\t<div class=\"elementor-field-type-tel elementor-field-group elementor-column elementor-field-group-field_1f2e832 elementor-col-100 elementor-field-required elementor-mark-required\">\n\t\t\t\t\t\t\t\t\t\t\t\t<label for=\"form-field-field_1f2e832\" class=\"elementor-field-label\">\n\t\t\t\t\t\t\t\tTelefono\t\t\t\t\t\t\t<\/label>\n\t\t\t\t\t\t\t\t<input size=\"1\" type=\"tel\" name=\"form_fields[field_1f2e832]\" id=\"form-field-field_1f2e832\" class=\"elementor-field elementor-size-sm  elementor-field-textual\" required=\"required\" pattern=\"[0-9()#&amp;+*-=.]+\" title=\"Solo se aceptan n\u00fameros y caracteres de tel\u00e9fono (#,-,*,etc).\">\n\n\t\t\t\t\t\t<\/div>\n\t\t\t\t\t\t\t\t<div class=\"elementor-field-type-textarea elementor-field-group elementor-column elementor-field-group-message elementor-col-100 elementor-field-required elementor-mark-required\">\n\t\t\t\t\t\t\t\t\t\t\t\t<label for=\"form-field-message\" class=\"elementor-field-label\">\n\t\t\t\t\t\t\t\tMensaje\t\t\t\t\t\t\t<\/label>\n\t\t\t\t\t\t<textarea class=\"elementor-field-textual elementor-field  elementor-size-sm\" name=\"form_fields[message]\" id=\"form-field-message\" rows=\"4\" required=\"required\"><\/textarea>\t\t\t\t<\/div>\n\t\t\t\t\t\t\t\t<div class=\"elementor-field-type-acceptance elementor-field-group elementor-column elementor-field-group-field_6cfe5f8 elementor-col-100 elementor-field-required elementor-mark-required\">\n\t\t\t\t\t\t\t<div class=\"elementor-field-subgroup\">\n\t\t\t<span class=\"elementor-field-option\">\n\t\t\t\t<input type=\"checkbox\" name=\"form_fields[field_6cfe5f8]\" id=\"form-field-field_6cfe5f8\" class=\"elementor-field elementor-size-sm  elementor-acceptance-field\" required=\"required\">\n\t\t\t\t<label for=\"form-field-field_6cfe5f8\">Acepto la pol\u00edtica de privacidad<\/label>\t\t\t<\/span>\n\t\t<\/div>\n\t\t\t\t\t\t<\/div>\n\t\t\t\t\t\t\t\t<div class=\"elementor-field-type-text\">\n\t\t\t\t\t<input size=\"1\" type=\"text\" name=\"form_fields[field_46a7f73]\" id=\"form-field-field_46a7f73\" class=\"elementor-field elementor-size-sm \" style=\"display:none !important;\">\t\t\t\t<\/div>\n\t\t\t\t\t\t\t\t<div class=\"elementor-field-group elementor-column elementor-field-type-submit elementor-col-100 e-form__buttons\">\n\t\t\t\t\t<button class=\"elementor-button elementor-size-sm\" type=\"submit\">\n\t\t\t\t\t\t<span class=\"elementor-button-content-wrapper\">\n\t\t\t\t\t\t\t\t\t\t\t\t\t\t\t\t\t\t\t\t\t\t<span class=\"elementor-button-text\">Ll\u00e1mame<\/span>\n\t\t\t\t\t\t\t\t\t\t\t\t\t<\/span>\n\t\t\t\t\t<\/button>\n\t\t\t\t<\/div>\n\t\t\t<\/div>\n\t\t<\/form>\n\t\t\t\t\t\t<\/div>\n\t\t\t\t<\/div>\n\t\t\t\t\t<\/div>\n\t\t<\/div>\n\t\t\t\t\t<\/div>\n\t\t<\/section>\n\t\t\t\t<\/div>\n\t\t<\/div>\n\t\t\t\t\t\t<\/div>\n\t\t\t\t<\/div>\n\t\t\t\t\t<\/div>\n\t\t<\/div>\n\t\t\t\t\t<\/div>\n\t\t<\/section>\n\t\t\t\t<\/div>\n\t\t","protected":false},"excerpt":{"rendered":"<p>LL\u00c1MAME Ofrecemos uno servicio de embalaje completo o parcial, protegeremos tu art\u00edculos para que lleguen a su destino. Los clientes generalmente prefieren hacer su propio embalaje y envoltorio para los art\u00edculos personales, sin embargo, brindamos este servicio si es necesario.\u00a0 Tambi\u00e9n ofrecemos toda la informaci\u00f3n que necesite para un mudanza y empaque lo m\u00e1s f\u00e1ciles.\u00a0 [&hellip;]<\/p>\n","protected":false},"author":4,"featured_media":0,"parent":0,"menu_order":0,"comment_status":"closed","ping_status":"closed","template":"","meta":{"site-sidebar-layout":"default","site-content-layout":"page-builder","ast-site-content-layout":"default","site-content-style":"default","site-sidebar-style":"default","ast-global-header-display":"","ast-banner-title-visibility":"","ast-main-header-display":"","ast-hfb-above-header-display":"","ast-hfb-below-header-display":"","ast-hfb-mobile-header-display":"","site-post-title":"disabled","ast-breadcrumbs-content":"","ast-featured-img":"disabled","footer-sml-layout":"","ast-disable-related-posts":"","theme-transparent-header-meta":"enabled","adv-header-id-meta":"","stick-header-meta":"default","header-above-stick-meta":"","header-main-stick-meta":"","header-below-stick-meta":"","astra-migrate-meta-layouts":"default","ast-page-background-enabled":"default","ast-page-background-meta":{"desktop":{"background-color":"var(--ast-global-color-4)","background-image":"","background-repeat":"repeat","background-position":"center center","background-size":"auto","background-attachment":"scroll","background-type":"","background-media":"","overlay-type":"","overlay-color":"","overlay-opacity":"","overlay-gradient":""},"tablet":{"background-color":"","background-image":"","background-repeat":"repeat","background-position":"center center","background-size":"auto","background-attachment":"scroll","background-type":"","background-media":"","overlay-type":"","overlay-color":"","overlay-opacity":"","overlay-gradient":""},"mobile":{"background-color":"","background-image":"","background-repeat":"repeat","background-position":"center center","background-size":"auto","background-attachment":"scroll","background-type":"","background-media":"","overlay-type":"","overlay-color":"","overlay-opacity":"","overlay-gradient":""}},"ast-content-background-meta":{"desktop":{"background-color":"var(--ast-global-color-5)","background-image":"","background-repeat":"repeat","background-position":"center center","background-size":"auto","background-attachment":"scroll","background-type":"","background-media":"","overlay-type":"","overlay-color":"","overlay-opacity":"","overlay-gradient":""},"tablet":{"background-color":"var(--ast-global-color-5)","background-image":"","background-repeat":"repeat","background-position":"center center","background-size":"auto","background-attachment":"scroll","background-type":"","background-media":"","overlay-type":"","overlay-color":"","overlay-opacity":"","overlay-gradient":""},"mobile":{"background-color":"var(--ast-global-color-5)","background-image":"","background-repeat":"repeat","background-position":"center center","background-size":"auto","background-attachment":"scroll","background-type":"","background-media":"","overlay-type":"","overlay-color":"","overlay-opacity":"","overlay-gradient":""}},"footnotes":""},"class_list":["post-1696","page","type-page","status-publish","hentry"],"yoast_head":"<!-- This site is optimized with the Yoast SEO plugin v27.3 - https:\/\/yoast.com\/product\/yoast-seo-wordpress\/ -->\n<title>Servicio de embalaje - Rapid Freight<\/title>\n<meta name=\"description\" content=\"Servicio de embalaje. Tus art\u00edculos estar\u00e1n protegidos para que lleguen a su destino de la misma forma.\" \/>\n<meta name=\"robots\" content=\"index, follow, max-snippet:-1, max-image-preview:large, max-video-preview:-1\" \/>\n<link rel=\"canonical\" href=\"https:\/\/rapidfreight.es\/es\/servicio-de-embalaje\/\" \/>\n<meta property=\"og:locale\" content=\"es_ES\" \/>\n<meta property=\"og:type\" content=\"article\" \/>\n<meta property=\"og:title\" content=\"Servicio de embalaje - Rapid Freight\" \/>\n<meta property=\"og:description\" content=\"Servicio de embalaje. Tus art\u00edculos estar\u00e1n protegidos para que lleguen a su destino de la misma forma.\" \/>\n<meta property=\"og:url\" content=\"https:\/\/rapidfreight.es\/es\/servicio-de-embalaje\/\" \/>\n<meta property=\"og:site_name\" content=\"Rapid Freight\" \/>\n<meta property=\"article:modified_time\" content=\"2023-10-09T09:35:33+00:00\" \/>\n<meta name=\"twitter:card\" content=\"summary_large_image\" \/>\n<meta name=\"twitter:label1\" content=\"Tiempo de lectura\" \/>\n\t<meta name=\"twitter:data1\" content=\"1 minuto\" \/>\n<script type=\"application\/ld+json\" class=\"yoast-schema-graph\">{\"@context\":\"https:\\\/\\\/schema.org\",\"@graph\":[{\"@type\":\"WebPage\",\"@id\":\"https:\\\/\\\/rapidfreight.es\\\/es\\\/servicio-de-embalaje\\\/\",\"url\":\"https:\\\/\\\/rapidfreight.es\\\/es\\\/servicio-de-embalaje\\\/\",\"name\":\"Servicio de embalaje - Rapid Freight\",\"isPartOf\":{\"@id\":\"https:\\\/\\\/rapidfreight.es\\\/es\\\/#website\"},\"datePublished\":\"2022-11-28T11:24:10+00:00\",\"dateModified\":\"2023-10-09T09:35:33+00:00\",\"description\":\"Servicio de embalaje. Tus art\u00edculos estar\u00e1n protegidos para que lleguen a su destino de la misma forma.\",\"inLanguage\":\"es\",\"potentialAction\":[{\"@type\":\"ReadAction\",\"target\":[\"https:\\\/\\\/rapidfreight.es\\\/es\\\/servicio-de-embalaje\\\/\"]}]},{\"@type\":\"WebSite\",\"@id\":\"https:\\\/\\\/rapidfreight.es\\\/es\\\/#website\",\"url\":\"https:\\\/\\\/rapidfreight.es\\\/es\\\/\",\"name\":\"Rapid Freight\",\"description\":\"\",\"publisher\":{\"@id\":\"https:\\\/\\\/rapidfreight.es\\\/es\\\/#organization\"},\"potentialAction\":[{\"@type\":\"SearchAction\",\"target\":{\"@type\":\"EntryPoint\",\"urlTemplate\":\"https:\\\/\\\/rapidfreight.es\\\/es\\\/?s={search_term_string}\"},\"query-input\":{\"@type\":\"PropertyValueSpecification\",\"valueRequired\":true,\"valueName\":\"search_term_string\"}}],\"inLanguage\":\"es\"},{\"@type\":\"Organization\",\"@id\":\"https:\\\/\\\/rapidfreight.es\\\/es\\\/#organization\",\"name\":\"Rapid Freight\",\"url\":\"https:\\\/\\\/rapidfreight.es\\\/es\\\/\",\"logo\":{\"@type\":\"ImageObject\",\"inLanguage\":\"es\",\"@id\":\"https:\\\/\\\/rapidfreight.es\\\/es\\\/#\\\/schema\\\/logo\\\/image\\\/\",\"url\":\"https:\\\/\\\/rapidfreight.es\\\/wp-content\\\/uploads\\\/2022\\\/11\\\/logo-rapid_freight-color-white.png\",\"contentUrl\":\"https:\\\/\\\/rapidfreight.es\\\/wp-content\\\/uploads\\\/2022\\\/11\\\/logo-rapid_freight-color-white.png\",\"width\":4167,\"height\":1619,\"caption\":\"Rapid Freight\"},\"image\":{\"@id\":\"https:\\\/\\\/rapidfreight.es\\\/es\\\/#\\\/schema\\\/logo\\\/image\\\/\"}}]}<\/script>\n<!-- \/ Yoast SEO plugin. -->","yoast_head_json":{"title":"Servicio de embalaje - Rapid Freight","description":"Servicio de embalaje. Tus art\u00edculos estar\u00e1n protegidos para que lleguen a su destino de la misma forma.","robots":{"index":"index","follow":"follow","max-snippet":"max-snippet:-1","max-image-preview":"max-image-preview:large","max-video-preview":"max-video-preview:-1"},"canonical":"https:\/\/rapidfreight.es\/es\/servicio-de-embalaje\/","og_locale":"es_ES","og_type":"article","og_title":"Servicio de embalaje - Rapid Freight","og_description":"Servicio de embalaje. Tus art\u00edculos estar\u00e1n protegidos para que lleguen a su destino de la misma forma.","og_url":"https:\/\/rapidfreight.es\/es\/servicio-de-embalaje\/","og_site_name":"Rapid Freight","article_modified_time":"2023-10-09T09:35:33+00:00","twitter_card":"summary_large_image","twitter_misc":{"Tiempo de lectura":"1 minuto"},"schema":{"@context":"https:\/\/schema.org","@graph":[{"@type":"WebPage","@id":"https:\/\/rapidfreight.es\/es\/servicio-de-embalaje\/","url":"https:\/\/rapidfreight.es\/es\/servicio-de-embalaje\/","name":"Servicio de embalaje - Rapid Freight","isPartOf":{"@id":"https:\/\/rapidfreight.es\/es\/#website"},"datePublished":"2022-11-28T11:24:10+00:00","dateModified":"2023-10-09T09:35:33+00:00","description":"Servicio de embalaje. Tus art\u00edculos estar\u00e1n protegidos para que lleguen a su destino de la misma forma.","inLanguage":"es","potentialAction":[{"@type":"ReadAction","target":["https:\/\/rapidfreight.es\/es\/servicio-de-embalaje\/"]}]},{"@type":"WebSite","@id":"https:\/\/rapidfreight.es\/es\/#website","url":"https:\/\/rapidfreight.es\/es\/","name":"Rapid Freight","description":"","publisher":{"@id":"https:\/\/rapidfreight.es\/es\/#organization"},"potentialAction":[{"@type":"SearchAction","target":{"@type":"EntryPoint","urlTemplate":"https:\/\/rapidfreight.es\/es\/?s={search_term_string}"},"query-input":{"@type":"PropertyValueSpecification","valueRequired":true,"valueName":"search_term_string"}}],"inLanguage":"es"},{"@type":"Organization","@id":"https:\/\/rapidfreight.es\/es\/#organization","name":"Rapid Freight","url":"https:\/\/rapidfreight.es\/es\/","logo":{"@type":"ImageObject","inLanguage":"es","@id":"https:\/\/rapidfreight.es\/es\/#\/schema\/logo\/image\/","url":"https:\/\/rapidfreight.es\/wp-content\/uploads\/2022\/11\/logo-rapid_freight-color-white.png","contentUrl":"https:\/\/rapidfreight.es\/wp-content\/uploads\/2022\/11\/logo-rapid_freight-color-white.png","width":4167,"height":1619,"caption":"Rapid Freight"},"image":{"@id":"https:\/\/rapidfreight.es\/es\/#\/schema\/logo\/image\/"}}]}},"_links":{"self":[{"href":"https:\/\/rapidfreight.es\/es\/wp-json\/wp\/v2\/pages\/1696","targetHints":{"allow":["GET"]}}],"collection":[{"href":"https:\/\/rapidfreight.es\/es\/wp-json\/wp\/v2\/pages"}],"about":[{"href":"https:\/\/rapidfreight.es\/es\/wp-json\/wp\/v2\/types\/page"}],"author":[{"embeddable":true,"href":"https:\/\/rapidfreight.es\/es\/wp-json\/wp\/v2\/users\/4"}],"replies":[{"embeddable":true,"href":"https:\/\/rapidfreight.es\/es\/wp-json\/wp\/v2\/comments?post=1696"}],"version-history":[{"count":13,"href":"https:\/\/rapidfreight.es\/es\/wp-json\/wp\/v2\/pages\/1696\/revisions"}],"predecessor-version":[{"id":2345,"href":"https:\/\/rapidfreight.es\/es\/wp-json\/wp\/v2\/pages\/1696\/revisions\/2345"}],"wp:attachment":[{"href":"https:\/\/rapidfreight.es\/es\/wp-json\/wp\/v2\/media?parent=1696"}],"curies":[{"name":"wp","href":"https:\/\/api.w.org\/{rel}","templated":true}]}}