{"id":669,"date":"2019-08-01T16:51:30","date_gmt":"2019-08-01T14:51:30","guid":{"rendered":"http:\/\/rapidfreight.es\/mudanzas-europeas\/"},"modified":"2023-10-09T13:06:21","modified_gmt":"2023-10-09T11:06:21","slug":"mudanzas-europeas","status":"publish","type":"page","link":"https:\/\/rapidfreight.es\/es\/mudanzas-europeas\/","title":{"rendered":"Instalaciones de almac\u00e9n"},"content":{"rendered":"\t\t<div data-elementor-type=\"wp-post\" data-elementor-id=\"669\" class=\"elementor elementor-669 elementor-537\" data-elementor-post-type=\"page\">\n\t\t\t\t\t\t<section class=\"elementor-section elementor-top-section elementor-element elementor-element-3cc9067 elementor-section-boxed elementor-section-height-default elementor-section-height-default\" data-id=\"3cc9067\" data-element_type=\"section\" data-e-type=\"section\" data-settings=\"{&quot;background_background&quot;:&quot;slideshow&quot;,&quot;background_motion_fx_translateY_effect&quot;:&quot;yes&quot;,&quot;background_slideshow_gallery&quot;:[{&quot;id&quot;:1887,&quot;url&quot;:&quot;https:\\\/\\\/rapidfreight.es\\\/wp-content\\\/uploads\\\/2022\\\/11\\\/wooden_storage_facilities.jpg&quot;},{&quot;id&quot;:1885,&quot;url&quot;:&quot;https:\\\/\\\/rapidfreight.es\\\/wp-content\\\/uploads\\\/2022\\\/11\\\/warehouse.jpg&quot;}],&quot;background_slideshow_slide_duration&quot;:1500,&quot;background_slideshow_loop&quot;:&quot;yes&quot;,&quot;background_slideshow_slide_transition&quot;:&quot;fade&quot;,&quot;background_slideshow_transition_duration&quot;:500,&quot;background_motion_fx_translateY_speed&quot;:{&quot;unit&quot;:&quot;px&quot;,&quot;size&quot;:4,&quot;sizes&quot;:[]},&quot;background_motion_fx_translateY_affectedRange&quot;:{&quot;unit&quot;:&quot;%&quot;,&quot;size&quot;:&quot;&quot;,&quot;sizes&quot;:{&quot;start&quot;:0,&quot;end&quot;:100}},&quot;background_motion_fx_devices&quot;:[&quot;desktop&quot;,&quot;tablet&quot;,&quot;mobile&quot;]}\">\n\t\t\t\t\t\t\t<div class=\"elementor-background-overlay\"><\/div>\n\t\t\t\t\t\t\t<div class=\"elementor-container elementor-column-gap-default\">\n\t\t\t\t\t<div class=\"elementor-column elementor-col-100 elementor-top-column elementor-element elementor-element-b2bc515\" data-id=\"b2bc515\" data-element_type=\"column\" data-e-type=\"column\">\n\t\t\t<div class=\"elementor-widget-wrap elementor-element-populated\">\n\t\t\t\t\t\t<section class=\"elementor-section elementor-inner-section elementor-element elementor-element-49c0db8 elementor-section-boxed elementor-section-height-default elementor-section-height-default elementor-invisible\" data-id=\"49c0db8\" data-element_type=\"section\" data-e-type=\"section\" data-settings=\"{&quot;animation&quot;:&quot;fadeIn&quot;}\">\n\t\t\t\t\t\t<div class=\"elementor-container elementor-column-gap-default\">\n\t\t\t\t\t<div class=\"elementor-column elementor-col-100 elementor-inner-column elementor-element elementor-element-09ccfde\" data-id=\"09ccfde\" data-element_type=\"column\" data-e-type=\"column\">\n\t\t\t<div class=\"elementor-widget-wrap elementor-element-populated\">\n\t\t\t\t\t\t<div class=\"elementor-element elementor-element-f61d036 elementor-widget elementor-widget-heading\" data-id=\"f61d036\" data-element_type=\"widget\" data-e-type=\"widget\" data-widget_type=\"heading.default\">\n\t\t\t\t<div class=\"elementor-widget-container\">\n\t\t\t\t\t<h1 class=\"elementor-heading-title elementor-size-default\">Instalaciones de almac\u00e9n<\/h1>\t\t\t\t<\/div>\n\t\t\t\t<\/div>\n\t\t\t\t\t<\/div>\n\t\t<\/div>\n\t\t\t\t\t<\/div>\n\t\t<\/section>\n\t\t\t\t<section class=\"elementor-section elementor-inner-section elementor-element elementor-element-2d96b9a elementor-hidden-tablet elementor-hidden-mobile elementor-section-boxed elementor-section-height-default elementor-section-height-default\" data-id=\"2d96b9a\" data-element_type=\"section\" data-e-type=\"section\" data-settings=\"{&quot;animation&quot;:&quot;none&quot;}\">\n\t\t\t\t\t\t<div class=\"elementor-container elementor-column-gap-default\">\n\t\t\t\t\t<div class=\"elementor-column elementor-col-50 elementor-inner-column elementor-element elementor-element-fbf1fc4\" data-id=\"fbf1fc4\" data-element_type=\"column\" data-e-type=\"column\">\n\t\t\t<div class=\"elementor-widget-wrap\">\n\t\t\t\t\t\t\t<\/div>\n\t\t<\/div>\n\t\t\t\t<div class=\"elementor-column elementor-col-50 elementor-inner-column elementor-element elementor-element-9bebb89 elementor-hidden-phone\" data-id=\"9bebb89\" data-element_type=\"column\" data-e-type=\"column\" data-settings=\"{&quot;background_background&quot;:&quot;classic&quot;}\">\n\t\t\t<div class=\"elementor-widget-wrap elementor-element-populated\">\n\t\t\t\t\t\t<div class=\"elementor-element elementor-element-0e6f82d elementor-widget elementor-widget-heading\" data-id=\"0e6f82d\" data-element_type=\"widget\" data-e-type=\"widget\" data-widget_type=\"heading.default\">\n\t\t\t\t<div class=\"elementor-widget-container\">\n\t\t\t\t\t<h5 class=\"elementor-heading-title elementor-size-default\">LL\u00c1MAME<\/h5>\t\t\t\t<\/div>\n\t\t\t\t<\/div>\n\t\t\t\t\t<\/div>\n\t\t<\/div>\n\t\t\t\t\t<\/div>\n\t\t<\/section>\n\t\t\t\t\t<\/div>\n\t\t<\/div>\n\t\t\t\t\t<\/div>\n\t\t<\/section>\n\t\t\t\t<section class=\"elementor-section elementor-top-section elementor-element elementor-element-c7bd97a elementor-section-boxed elementor-section-height-default elementor-section-height-default\" data-id=\"c7bd97a\" data-element_type=\"section\" data-e-type=\"section\">\n\t\t\t\t\t\t<div class=\"elementor-container elementor-column-gap-default\">\n\t\t\t\t\t<div class=\"elementor-column elementor-col-66 elementor-top-column elementor-element elementor-element-0de6b5a elementor-invisible\" data-id=\"0de6b5a\" data-element_type=\"column\" data-e-type=\"column\" data-settings=\"{&quot;animation&quot;:&quot;fadeIn&quot;}\">\n\t\t\t<div class=\"elementor-widget-wrap elementor-element-populated\">\n\t\t\t\t\t\t<div class=\"elementor-element elementor-element-36fcf41 elementor-widget elementor-widget-text-editor\" data-id=\"36fcf41\" data-element_type=\"widget\" data-e-type=\"widget\" data-widget_type=\"text-editor.default\">\n\t\t\t\t<div class=\"elementor-widget-container\">\n\t\t\t\t\t\t\t\t\tCon nuestro <a href=\"https:\/\/www.google.com\/maps\/place\/Carrer+dels+Gremis,+24,+46723+Almoines,+Val%C3%A8ncia,+Espagne\/@38.9518879,-0.1818418,17z\/data=!3m1!4b1!4m6!3m5!1s0xd61e8515ba4add3:0x46ba8a7321594d11!8m2!3d38.9518879!4d-0.1818418!16s%2Fg%2F11dzmyz6jd?entry=ttu\" target=\"_blank\" rel=\"noopener\">dep\u00f3sito seguro en Valencia<\/a> en la regi\u00f3n de la Costa del azahar, con <strong>Rapid Freight ES<\/strong> podemos ofrecer a nuestros clientes comerciales una instalaci\u00f3n de almacenamiento en fr\u00edo para proteger los mercanc\u00edas perecederas frescas y congeladas durante el viaje y tambi\u00e9n podemos proposer a nuestros clientes privados efectos personales soluci\u00f3n de almacenaje en nuestros cajas de almacenamiento de madera.\r\n\r\nCon el acceso rapido del autopista y nuestro ubicaci\u00f3n centralizada de Espa\u00f1a, tenemos uno punto de recogida y entrega perfecto para todos los necesidades.\t\t\t\t\t\t\t\t<\/div>\n\t\t\t\t<\/div>\n\t\t\t\t<div class=\"elementor-element elementor-element-e37095d elementor-widget elementor-widget-text-editor\" data-id=\"e37095d\" data-element_type=\"widget\" data-e-type=\"widget\" data-widget_type=\"text-editor.default\">\n\t\t\t\t<div class=\"elementor-widget-container\">\n\t\t\t\t\t\t\t\t\t<p>Para consultas: <a href=\"tel:+34960700873\">+34 960 700 873<\/a>.<br \/>\nO contact\u00e9nos a <a href=\"mailto:info@rapidfreight.es\">info@rapidfreight.es<\/a><\/p>\n\t\t\t\t\t\t\t\t<\/div>\n\t\t\t\t<\/div>\n\t\t\t\t\t<\/div>\n\t\t<\/div>\n\t\t\t\t<div class=\"elementor-column elementor-col-33 elementor-top-column elementor-element elementor-element-ae06ee9\" data-id=\"ae06ee9\" data-element_type=\"column\" data-e-type=\"column\" data-settings=\"{&quot;background_background&quot;:&quot;classic&quot;,&quot;animation&quot;:&quot;none&quot;}\">\n\t\t\t<div class=\"elementor-widget-wrap elementor-element-populated\">\n\t\t\t\t\t\t<div class=\"elementor-element elementor-element-142e716 elementor-widget elementor-widget-shortcode\" data-id=\"142e716\" data-element_type=\"widget\" data-e-type=\"widget\" data-widget_type=\"shortcode.default\">\n\t\t\t\t<div class=\"elementor-widget-container\">\n\t\t\t\t\t\t\t<div class=\"elementor-shortcode\">\t\t<div data-elementor-type=\"section\" data-elementor-id=\"1825\" class=\"elementor elementor-1825 elementor-1493 elementor-1493\" data-elementor-post-type=\"elementor_library\">\n\t\t\t\t\t<section class=\"elementor-section elementor-top-section elementor-element elementor-element-a88b1e2 elementor-section-boxed elementor-section-height-default elementor-section-height-default\" data-id=\"a88b1e2\" data-element_type=\"section\" data-e-type=\"section\">\n\t\t\t\t\t\t<div class=\"elementor-container elementor-column-gap-no\">\n\t\t\t\t\t<div class=\"elementor-column elementor-col-100 elementor-top-column elementor-element elementor-element-eec2ace\" data-id=\"eec2ace\" data-element_type=\"column\" data-e-type=\"column\">\n\t\t\t<div class=\"elementor-widget-wrap elementor-element-populated\">\n\t\t\t\t\t\t<div class=\"elementor-element elementor-element-be1f79b elementor-button-align-stretch elementor-widget elementor-widget-form\" data-id=\"be1f79b\" data-element_type=\"widget\" data-e-type=\"widget\" data-settings=\"{&quot;step_next_label&quot;:&quot;Next&quot;,&quot;step_previous_label&quot;:&quot;Previous&quot;,&quot;step_type&quot;:&quot;none&quot;,&quot;step_icon_shape&quot;:&quot;none&quot;,&quot;button_width&quot;:&quot;100&quot;}\" data-widget_type=\"form.default\">\n\t\t\t\t<div class=\"elementor-widget-container\">\n\t\t\t\t\t\t\t<form class=\"elementor-form\" method=\"post\" name=\"Call back\" aria-label=\"Call back\">\n\t\t\t<input type=\"hidden\" name=\"post_id\" value=\"1825\"\/>\n\t\t\t<input type=\"hidden\" name=\"form_id\" value=\"be1f79b\"\/>\n\t\t\t<input type=\"hidden\" name=\"referer_title\" value=\"Carga paletizada - Rapid Freight\" \/>\n\n\t\t\t\t\t\t\t<input type=\"hidden\" name=\"queried_id\" value=\"687\"\/>\n\t\t\t\n\t\t\t<div class=\"elementor-form-fields-wrapper elementor-labels-above\">\n\t\t\t\t\t\t\t\t<div class=\"elementor-field-type-text elementor-field-group elementor-column elementor-field-group-name elementor-col-100 elementor-field-required elementor-mark-required\">\n\t\t\t\t\t\t\t\t\t\t\t\t<label for=\"form-field-name\" class=\"elementor-field-label\">\n\t\t\t\t\t\t\t\tNombre\t\t\t\t\t\t\t<\/label>\n\t\t\t\t\t\t\t\t\t\t\t\t\t\t<input size=\"1\" type=\"text\" name=\"form_fields[name]\" id=\"form-field-name\" class=\"elementor-field elementor-size-sm  elementor-field-textual\" required=\"required\">\n\t\t\t\t\t\t\t\t\t\t\t<\/div>\n\t\t\t\t\t\t\t\t<div class=\"elementor-field-type-email elementor-field-group elementor-column elementor-field-group-email elementor-col-100 elementor-field-required elementor-mark-required\">\n\t\t\t\t\t\t\t\t\t\t\t\t<label for=\"form-field-email\" class=\"elementor-field-label\">\n\t\t\t\t\t\t\t\tCorreo electr\u00f3nico\t\t\t\t\t\t\t<\/label>\n\t\t\t\t\t\t\t\t\t\t\t\t\t\t<input size=\"1\" type=\"email\" name=\"form_fields[email]\" id=\"form-field-email\" class=\"elementor-field elementor-size-sm  elementor-field-textual\" required=\"required\">\n\t\t\t\t\t\t\t\t\t\t\t<\/div>\n\t\t\t\t\t\t\t\t<div class=\"elementor-field-type-tel elementor-field-group elementor-column elementor-field-group-field_1f2e832 elementor-col-100 elementor-field-required elementor-mark-required\">\n\t\t\t\t\t\t\t\t\t\t\t\t<label for=\"form-field-field_1f2e832\" class=\"elementor-field-label\">\n\t\t\t\t\t\t\t\tTelefono\t\t\t\t\t\t\t<\/label>\n\t\t\t\t\t\t\t\t<input size=\"1\" type=\"tel\" name=\"form_fields[field_1f2e832]\" id=\"form-field-field_1f2e832\" class=\"elementor-field elementor-size-sm  elementor-field-textual\" required=\"required\" pattern=\"[0-9()#&amp;+*-=.]+\" title=\"Solo se aceptan n\u00fameros y caracteres de tel\u00e9fono (#,-,*,etc).\">\n\n\t\t\t\t\t\t<\/div>\n\t\t\t\t\t\t\t\t<div class=\"elementor-field-type-textarea elementor-field-group elementor-column elementor-field-group-message elementor-col-100 elementor-field-required elementor-mark-required\">\n\t\t\t\t\t\t\t\t\t\t\t\t<label for=\"form-field-message\" class=\"elementor-field-label\">\n\t\t\t\t\t\t\t\tMensaje\t\t\t\t\t\t\t<\/label>\n\t\t\t\t\t\t<textarea class=\"elementor-field-textual elementor-field  elementor-size-sm\" name=\"form_fields[message]\" id=\"form-field-message\" rows=\"4\" required=\"required\"><\/textarea>\t\t\t\t<\/div>\n\t\t\t\t\t\t\t\t<div class=\"elementor-field-type-acceptance elementor-field-group elementor-column elementor-field-group-field_6cfe5f8 elementor-col-100 elementor-field-required elementor-mark-required\">\n\t\t\t\t\t\t\t<div class=\"elementor-field-subgroup\">\n\t\t\t<span class=\"elementor-field-option\">\n\t\t\t\t<input type=\"checkbox\" name=\"form_fields[field_6cfe5f8]\" id=\"form-field-field_6cfe5f8\" class=\"elementor-field elementor-size-sm  elementor-acceptance-field\" required=\"required\">\n\t\t\t\t<label for=\"form-field-field_6cfe5f8\">Acepto la pol\u00edtica de privacidad<\/label>\t\t\t<\/span>\n\t\t<\/div>\n\t\t\t\t\t\t<\/div>\n\t\t\t\t\t\t\t\t<div class=\"elementor-field-type-text\">\n\t\t\t\t\t<input size=\"1\" type=\"text\" name=\"form_fields[field_46a7f73]\" id=\"form-field-field_46a7f73\" class=\"elementor-field elementor-size-sm \" style=\"display:none !important;\">\t\t\t\t<\/div>\n\t\t\t\t\t\t\t\t<div class=\"elementor-field-group elementor-column elementor-field-type-submit elementor-col-100 e-form__buttons\">\n\t\t\t\t\t<button class=\"elementor-button elementor-size-sm\" type=\"submit\">\n\t\t\t\t\t\t<span class=\"elementor-button-content-wrapper\">\n\t\t\t\t\t\t\t\t\t\t\t\t\t\t\t\t\t\t\t\t\t\t<span class=\"elementor-button-text\">Ll\u00e1mame<\/span>\n\t\t\t\t\t\t\t\t\t\t\t\t\t<\/span>\n\t\t\t\t\t<\/button>\n\t\t\t\t<\/div>\n\t\t\t<\/div>\n\t\t<\/form>\n\t\t\t\t\t\t<\/div>\n\t\t\t\t<\/div>\n\t\t\t\t\t<\/div>\n\t\t<\/div>\n\t\t\t\t\t<\/div>\n\t\t<\/section>\n\t\t\t\t<\/div>\n\t\t<\/div>\n\t\t\t\t\t\t<\/div>\n\t\t\t\t<\/div>\n\t\t\t\t\t<\/div>\n\t\t<\/div>\n\t\t\t\t\t<\/div>\n\t\t<\/section>\n\t\t\t\t<\/div>\n\t\t","protected":false},"excerpt":{"rendered":"<p>LL\u00c1MAME Con nuestro dep\u00f3sito seguro en Valencia en la regi\u00f3n de la Costa del azahar, con Rapid Freight ES podemos ofrecer a nuestros clientes comerciales una instalaci\u00f3n de almacenamiento en fr\u00edo para proteger los mercanc\u00edas perecederas frescas y congeladas durante el viaje y tambi\u00e9n podemos proposer a nuestros clientes privados efectos personales soluci\u00f3n de almacenaje [&hellip;]<\/p>\n","protected":false},"author":4,"featured_media":0,"parent":0,"menu_order":0,"comment_status":"closed","ping_status":"closed","template":"","meta":{"site-sidebar-layout":"default","site-content-layout":"page-builder","ast-site-content-layout":"default","site-content-style":"default","site-sidebar-style":"default","ast-global-header-display":"","ast-banner-title-visibility":"","ast-main-header-display":"","ast-hfb-above-header-display":"","ast-hfb-below-header-display":"","ast-hfb-mobile-header-display":"","site-post-title":"disabled","ast-breadcrumbs-content":"","ast-featured-img":"disabled","footer-sml-layout":"","ast-disable-related-posts":"","theme-transparent-header-meta":"enabled","adv-header-id-meta":"","stick-header-meta":"default","header-above-stick-meta":"","header-main-stick-meta":"","header-below-stick-meta":"","astra-migrate-meta-layouts":"default","ast-page-background-enabled":"default","ast-page-background-meta":{"desktop":{"background-color":"var(--ast-global-color-4)","background-image":"","background-repeat":"repeat","background-position":"center center","background-size":"auto","background-attachment":"scroll","background-type":"","background-media":"","overlay-type":"","overlay-color":"","overlay-opacity":"","overlay-gradient":""},"tablet":{"background-color":"","background-image":"","background-repeat":"repeat","background-position":"center center","background-size":"auto","background-attachment":"scroll","background-type":"","background-media":"","overlay-type":"","overlay-color":"","overlay-opacity":"","overlay-gradient":""},"mobile":{"background-color":"","background-image":"","background-repeat":"repeat","background-position":"center center","background-size":"auto","background-attachment":"scroll","background-type":"","background-media":"","overlay-type":"","overlay-color":"","overlay-opacity":"","overlay-gradient":""}},"ast-content-background-meta":{"desktop":{"background-color":"var(--ast-global-color-5)","background-image":"","background-repeat":"repeat","background-position":"center center","background-size":"auto","background-attachment":"scroll","background-type":"","background-media":"","overlay-type":"","overlay-color":"","overlay-opacity":"","overlay-gradient":""},"tablet":{"background-color":"var(--ast-global-color-5)","background-image":"","background-repeat":"repeat","background-position":"center center","background-size":"auto","background-attachment":"scroll","background-type":"","background-media":"","overlay-type":"","overlay-color":"","overlay-opacity":"","overlay-gradient":""},"mobile":{"background-color":"var(--ast-global-color-5)","background-image":"","background-repeat":"repeat","background-position":"center center","background-size":"auto","background-attachment":"scroll","background-type":"","background-media":"","overlay-type":"","overlay-color":"","overlay-opacity":"","overlay-gradient":""}},"footnotes":""},"class_list":["post-669","page","type-page","status-publish","hentry"],"yoast_head":"<!-- This site is optimized with the Yoast SEO plugin v27.3 - https:\/\/yoast.com\/product\/yoast-seo-wordpress\/ -->\n<title>Instalaciones de almac\u00e9n - Rapid Freight<\/title>\n<meta name=\"description\" content=\"Instalaciones de almac\u00e9n seguro en Murcia en la regi\u00f3n de la Costa Blanca.\" \/>\n<meta name=\"robots\" content=\"index, follow, max-snippet:-1, max-image-preview:large, max-video-preview:-1\" \/>\n<link rel=\"canonical\" href=\"https:\/\/rapidfreight.es\/es\/mudanzas-europeas\/\" \/>\n<meta property=\"og:locale\" content=\"es_ES\" \/>\n<meta property=\"og:type\" content=\"article\" \/>\n<meta property=\"og:title\" content=\"Instalaciones de almac\u00e9n - Rapid Freight\" \/>\n<meta property=\"og:description\" content=\"Instalaciones de almac\u00e9n seguro en Murcia en la regi\u00f3n de la Costa Blanca.\" \/>\n<meta property=\"og:url\" content=\"https:\/\/rapidfreight.es\/es\/mudanzas-europeas\/\" \/>\n<meta property=\"og:site_name\" content=\"Rapid Freight\" \/>\n<meta property=\"article:modified_time\" content=\"2023-10-09T11:06:21+00:00\" \/>\n<meta name=\"twitter:card\" content=\"summary_large_image\" \/>\n<meta name=\"twitter:label1\" content=\"Tiempo de lectura\" \/>\n\t<meta name=\"twitter:data1\" content=\"1 minuto\" \/>\n<script type=\"application\/ld+json\" class=\"yoast-schema-graph\">{\"@context\":\"https:\\\/\\\/schema.org\",\"@graph\":[{\"@type\":\"WebPage\",\"@id\":\"https:\\\/\\\/rapidfreight.es\\\/es\\\/mudanzas-europeas\\\/\",\"url\":\"https:\\\/\\\/rapidfreight.es\\\/es\\\/mudanzas-europeas\\\/\",\"name\":\"Instalaciones de almac\u00e9n - Rapid Freight\",\"isPartOf\":{\"@id\":\"https:\\\/\\\/rapidfreight.es\\\/es\\\/#website\"},\"datePublished\":\"2019-08-01T14:51:30+00:00\",\"dateModified\":\"2023-10-09T11:06:21+00:00\",\"description\":\"Instalaciones de almac\u00e9n seguro en Murcia en la regi\u00f3n de la Costa Blanca.\",\"inLanguage\":\"es\",\"potentialAction\":[{\"@type\":\"ReadAction\",\"target\":[\"https:\\\/\\\/rapidfreight.es\\\/es\\\/mudanzas-europeas\\\/\"]}]},{\"@type\":\"WebSite\",\"@id\":\"https:\\\/\\\/rapidfreight.es\\\/es\\\/#website\",\"url\":\"https:\\\/\\\/rapidfreight.es\\\/es\\\/\",\"name\":\"Rapid Freight\",\"description\":\"\",\"publisher\":{\"@id\":\"https:\\\/\\\/rapidfreight.es\\\/es\\\/#organization\"},\"potentialAction\":[{\"@type\":\"SearchAction\",\"target\":{\"@type\":\"EntryPoint\",\"urlTemplate\":\"https:\\\/\\\/rapidfreight.es\\\/es\\\/?s={search_term_string}\"},\"query-input\":{\"@type\":\"PropertyValueSpecification\",\"valueRequired\":true,\"valueName\":\"search_term_string\"}}],\"inLanguage\":\"es\"},{\"@type\":\"Organization\",\"@id\":\"https:\\\/\\\/rapidfreight.es\\\/es\\\/#organization\",\"name\":\"Rapid Freight\",\"url\":\"https:\\\/\\\/rapidfreight.es\\\/es\\\/\",\"logo\":{\"@type\":\"ImageObject\",\"inLanguage\":\"es\",\"@id\":\"https:\\\/\\\/rapidfreight.es\\\/es\\\/#\\\/schema\\\/logo\\\/image\\\/\",\"url\":\"https:\\\/\\\/rapidfreight.es\\\/wp-content\\\/uploads\\\/2022\\\/11\\\/logo-rapid_freight-color-white.png\",\"contentUrl\":\"https:\\\/\\\/rapidfreight.es\\\/wp-content\\\/uploads\\\/2022\\\/11\\\/logo-rapid_freight-color-white.png\",\"width\":4167,\"height\":1619,\"caption\":\"Rapid Freight\"},\"image\":{\"@id\":\"https:\\\/\\\/rapidfreight.es\\\/es\\\/#\\\/schema\\\/logo\\\/image\\\/\"}}]}<\/script>\n<!-- \/ Yoast SEO plugin. -->","yoast_head_json":{"title":"Instalaciones de almac\u00e9n - Rapid Freight","description":"Instalaciones de almac\u00e9n seguro en Murcia en la regi\u00f3n de la Costa Blanca.","robots":{"index":"index","follow":"follow","max-snippet":"max-snippet:-1","max-image-preview":"max-image-preview:large","max-video-preview":"max-video-preview:-1"},"canonical":"https:\/\/rapidfreight.es\/es\/mudanzas-europeas\/","og_locale":"es_ES","og_type":"article","og_title":"Instalaciones de almac\u00e9n - Rapid Freight","og_description":"Instalaciones de almac\u00e9n seguro en Murcia en la regi\u00f3n de la Costa Blanca.","og_url":"https:\/\/rapidfreight.es\/es\/mudanzas-europeas\/","og_site_name":"Rapid Freight","article_modified_time":"2023-10-09T11:06:21+00:00","twitter_card":"summary_large_image","twitter_misc":{"Tiempo de lectura":"1 minuto"},"schema":{"@context":"https:\/\/schema.org","@graph":[{"@type":"WebPage","@id":"https:\/\/rapidfreight.es\/es\/mudanzas-europeas\/","url":"https:\/\/rapidfreight.es\/es\/mudanzas-europeas\/","name":"Instalaciones de almac\u00e9n - Rapid Freight","isPartOf":{"@id":"https:\/\/rapidfreight.es\/es\/#website"},"datePublished":"2019-08-01T14:51:30+00:00","dateModified":"2023-10-09T11:06:21+00:00","description":"Instalaciones de almac\u00e9n seguro en Murcia en la regi\u00f3n de la Costa Blanca.","inLanguage":"es","potentialAction":[{"@type":"ReadAction","target":["https:\/\/rapidfreight.es\/es\/mudanzas-europeas\/"]}]},{"@type":"WebSite","@id":"https:\/\/rapidfreight.es\/es\/#website","url":"https:\/\/rapidfreight.es\/es\/","name":"Rapid Freight","description":"","publisher":{"@id":"https:\/\/rapidfreight.es\/es\/#organization"},"potentialAction":[{"@type":"SearchAction","target":{"@type":"EntryPoint","urlTemplate":"https:\/\/rapidfreight.es\/es\/?s={search_term_string}"},"query-input":{"@type":"PropertyValueSpecification","valueRequired":true,"valueName":"search_term_string"}}],"inLanguage":"es"},{"@type":"Organization","@id":"https:\/\/rapidfreight.es\/es\/#organization","name":"Rapid Freight","url":"https:\/\/rapidfreight.es\/es\/","logo":{"@type":"ImageObject","inLanguage":"es","@id":"https:\/\/rapidfreight.es\/es\/#\/schema\/logo\/image\/","url":"https:\/\/rapidfreight.es\/wp-content\/uploads\/2022\/11\/logo-rapid_freight-color-white.png","contentUrl":"https:\/\/rapidfreight.es\/wp-content\/uploads\/2022\/11\/logo-rapid_freight-color-white.png","width":4167,"height":1619,"caption":"Rapid Freight"},"image":{"@id":"https:\/\/rapidfreight.es\/es\/#\/schema\/logo\/image\/"}}]}},"_links":{"self":[{"href":"https:\/\/rapidfreight.es\/es\/wp-json\/wp\/v2\/pages\/669","targetHints":{"allow":["GET"]}}],"collection":[{"href":"https:\/\/rapidfreight.es\/es\/wp-json\/wp\/v2\/pages"}],"about":[{"href":"https:\/\/rapidfreight.es\/es\/wp-json\/wp\/v2\/types\/page"}],"author":[{"embeddable":true,"href":"https:\/\/rapidfreight.es\/es\/wp-json\/wp\/v2\/users\/4"}],"replies":[{"embeddable":true,"href":"https:\/\/rapidfreight.es\/es\/wp-json\/wp\/v2\/comments?post=669"}],"version-history":[{"count":25,"href":"https:\/\/rapidfreight.es\/es\/wp-json\/wp\/v2\/pages\/669\/revisions"}],"predecessor-version":[{"id":2401,"href":"https:\/\/rapidfreight.es\/es\/wp-json\/wp\/v2\/pages\/669\/revisions\/2401"}],"wp:attachment":[{"href":"https:\/\/rapidfreight.es\/es\/wp-json\/wp\/v2\/media?parent=669"}],"curies":[{"name":"wp","href":"https:\/\/api.w.org\/{rel}","templated":true}]}}